{"id":918,"date":"2018-07-19T14:20:45","date_gmt":"2018-07-19T18:20:45","guid":{"rendered":"https:\/\/njupc.org\/?page_id=918"},"modified":"2019-06-20T21:41:30","modified_gmt":"2019-06-21T01:41:30","slug":"polish_language","status":"publish","type":"page","link":"https:\/\/njupc.org\/?page_id=918","title":{"rendered":"Zasoby w j\u0119zyku polskim"},"content":{"rendered":"\t\t<div data-elementor-type=\"wp-post\" data-elementor-id=\"918\" class=\"elementor elementor-918\" data-elementor-post-type=\"page\">\n\t\t\t\t\t\t<section class=\"elementor-section elementor-top-section elementor-element elementor-element-17b68cf9 elementor-section-boxed elementor-section-height-default elementor-section-height-default\" data-id=\"17b68cf9\" data-element_type=\"section\" data-e-type=\"section\">\n\t\t\t\t\t\t<div class=\"elementor-container elementor-column-gap-default\">\n\t\t\t\t\t<div class=\"elementor-column elementor-col-100 elementor-top-column elementor-element elementor-element-22dbfab7\" data-id=\"22dbfab7\" data-element_type=\"column\" data-e-type=\"column\">\n\t\t\t<div class=\"elementor-widget-wrap elementor-element-populated\">\n\t\t\t\t\t\t<div class=\"elementor-element elementor-element-38d9879c elementor-widget elementor-widget-text-editor\" data-id=\"38d9879c\" data-element_type=\"widget\" data-e-type=\"widget\" data-widget_type=\"text-editor.default\">\n\t\t\t\t<div class=\"elementor-widget-container\">\n\t\t\t\t\t\t\t\t\t<p style=\"text-align: center;\"> <a href=\"https:\/\/njupc.org\/?page_id=925\" ><img decoding=\"async\" src=\"https:\/\/njupc.org\/assets\/StudiesEnglish.jpg\" title=\"Other Languages\"  \/><\/a><\/p>   \n&nbsp;\n<center>\n<table style=\"width: 50%;\" border=\"0\" cellpadding=\"0\" align=\"center\">\n<tbody>\n<tr><!--\n<td style=\"width: 50%;\"><a title=\"Have You Received the Holy Ghost?\" href=\"\/images\/tracts\/POL-Polish\/POL-HaveYouReceivedtheHolyGhost.pdf\" target=\"_blank\" rel=\"noopener noreferrer\">Have You Received the Holy Ghost?<\/a><\/td>\n-->\n<td class=\"cont\">\n<h4 align=\"center\"><a title=\"CZYM JEST DUCH \u015aWI\u0118TY?\" href=\"\/resources\/polish\/POL-HaveYouReceivedtheHolyGhost.pdf\" target=\"_blank\" rel=\"noopener noreferrer\">CZYM JEST DUCH \u015aWI\u0118TY?<\/a><\/h4>\n<\/td>\n<\/tr>\n<tr><!--\n<td style=\"width: 50%;\"><a title=\"Oneness of God (Wheel)\" href=\"\/resources\/polish\/POL-OnenessofGodWheel.pdf\" target=\"_blank\" rel=\"noopener noreferrer\">Oneness of God (Wheel)<\/a><\/td>\n-->\n<td class=\"cont\">\n<h4 align=\"center\"><a title=\"KIM JEST B\u00d3G?\" href=\"\/resources\/polish\/POL-OnenessofGodWheel.pdf\" target=\"_blank\" rel=\"noopener noreferrer\">KIM JEST B\u00d3G?<\/a><\/h4>\n<\/td>\n<\/tr>\n<tr><!--\n<td style=\"width: 50%;\"><a title=\"There is Hope\" href=\"\/resource\/resource\/polish\/POL-ThereIsHope.pdf\" target=\"_blank\" rel=\"noopener noreferrer\">There is Hope!<\/a><\/td>\n-->\n<td class=\"cont\">\n<h4 align=\"center\"><a title=\"Istnieje Nadzieja!\" href=\"\/resources\/polish\/POL-ThereIsHope.pdf\" target=\"_blank\" rel=\"noopener noreferrer\">Istnieje Nadzieja!<\/a><\/h4>\n<\/td>\n<\/tr>\n<tr><!--\n<td style=\"width: 50%;\"><a title=\"The Road to Life\" href=\"\/polish\/POL-TheRoadtoLife.pdf\" target=\"_blank\" rel=\"noopener noreferrer\">The Road to Life<\/a><\/td>\n-->\n<td class=\"cont\">\n<h4 align=\"center\"><a title=\"DROGA \u017bYCIA!\" href=\"\/resources\/polish\/POL-TheRoadtoLife.pdf\" target=\"_blank\" rel=\"noopener noreferrer\">DROGA \u017bYCIA!<\/a><\/h4>\n<\/td>\n<\/tr>\n<tr><!--\n<td style=\"width: 50%;\"><a title=\"The Truth About Baptism\" href=\"\/polish\/POL-TheTruthAboutBaptism.pdf\" target=\"_blank\" rel=\"noopener noreferrer\">The Truth About Baptism<\/a><\/td>\n-->\n<td class=\"cont\">\n<h4 align=\"center\"><a title=\"Prawda O Chrzcie Wodnym\" href=\"\/resources\/polish\/POL-TheTruthAboutBaptism.pdf\" target=\"_blank\" rel=\"noopener noreferrer\">Prawda O Chrzcie Wodnym<\/a><\/h4>\n<\/td>\n<\/tr>\n<tr><!--\n<td style=\"width: 50%;\"><a title=\"The Truth About God\" href=\"\/polish\/POL-TheTruthAboutGod.pdf\" target=\"_blank\" rel=\"noopener noreferrer\">The Truth About God<\/a><\/td>\n-->\n<td class=\"cont\">\n<h4 align=\"center\"><a title=\"Prawda o Bogu\" href=\"\/resources\/polish\/POL-TheTruthAboutGod.pdf\" target=\"_blank\" rel=\"noopener noreferrer\">Prawda o Bogu<\/a><\/h4>\n<\/td>\n<\/tr>\n<tr><!--\n<td style=\"width: 50%;\"><a title=\"The Truth About Holiness [1]\" href=\"\/polish\/POL-TheTruthAboutHoliness.pdf\" target=\"_blank\" rel=\"noopener noreferrer\">The Truth About Holiness [1]<\/a><\/td>\n-->\n<td class=\"cont\">\n<h4 align=\"center\"><a title=\"Prawda o \u015awi\u0119to\u015bci [1]\" href=\"\/resources\/polish\/POL-TheTruthAboutHoliness.pdf\" target=\"_blank\" rel=\"noopener noreferrer\">Prawda o \u015awi\u0119to\u015bci [1]<\/a><\/h4>\n<\/td>\n<\/tr>\n<tr><!--\n<td style=\"width: 50%;\"><a title=\"The Truth About Holiness [2]\" href=\"\/polish\/POL-TheTruthAboutHoliness2.pdf\" target=\"_blank\" rel=\"noopener noreferrer\">The Truth About Holiness [2]<\/a><\/td>\n-->\n<td class=\"cont\">\n<h4 align=\"center\"><a title=\"The Truth About Holiness [2[]\" href=\"\/resources\/polish\/POL-TheTruthAboutHoliness2.pdf\" target=\"_blank\" rel=\"noopener noreferrer\">Prawda o\u00a0\u015awi\u0119to\u015bci [2]<\/a><\/h4>\n<\/td>\n<\/tr>\n<tr><!--\n<td style=\"width: 50%;\"><a title=\"The Truth About the Holy Ghost\" href=\"\/polish\/POL-TheTruthAboutHolyGhost.pdf\" target=\"_blank\" rel=\"noopener noreferrer\">The Truth About the Holy Ghost<\/a><\/td>\n-->\n<td class=\"cont\">\n<h4 align=\"center\"><a title=\"Prawda o Duchu \u015awi\u0119tym\" href=\"\/resources\/polish\/POL-TheTruthAboutHolyGhost.pdf\" target=\"_blank\" rel=\"noopener noreferrer\">Prawda o Duchu \u015awi\u0119tym<\/a><\/h4>\n<\/td>\n<\/tr>\n<tr><!--\n<td style=\"width: 50%;\"><a title=\"The Truth About Repentance\" href=\"\/polish\/POL-TheTruthAboutRepentance.pdf\" target=\"_blank\" rel=\"noopener noreferrer\">The Truth About Repentance<\/a><\/td>\n-->\n<td class=\"cont\">\n<h4 align=\"center\"><a title=\"Prawda o Nawr\u00f3ceniu\" href=\"\/resources\/polish\/POL-TheTruthAboutRepentance.pdf\" target=\"_blank\" rel=\"noopener noreferrer\">Prawda o Nawr\u00f3ceniu<\/a><\/h4>\n<\/td>\n<\/tr>\n<tr><!--\n<td style=\"width: 50%;\"><a title=\"The Truth About The Bible\" href=\"\/polish\/POL-TheTruthAboutTheBible.pdf\" target=\"_blank\" rel=\"noopener noreferrer\">The Truth About The Bible<\/a><\/td>\n-->\n<td class=\"cont\">\n<h4 align=\"center\"><a title=\"Prawda o Biblii\" href=\"\/resources\/polish\/POL-TheTruthAboutTheBible.pdf\" target=\"_blank\" rel=\"noopener noreferrer\">Prawda o Biblii<\/a><\/h4>\n<\/td>\n<\/tr>\n<tr><!--\n<td style=\"width: 50%;\"><a title=\"The Truth About the Second Coming of Jesus\" href=\"\/polish\/POL-TheTruthAboutTheSecondComingOfJesus.pdf\" target=\"_blank\" rel=\"noopener noreferrer\">The Truth About the Second Coming of Jesus<\/a><\/td>\n-->\n<td class=\"cont\">\n<h4 align=\"center\"><a title=\"Prawda o Powt\u00f3rnym przyj\u015bciu Jezusa\" href=\"\/resources\/polish\/POL-TheTruthAboutTheSecondComingOfJesus.pdf\" target=\"_blank\" rel=\"noopener noreferrer\">Prawda o Powt\u00f3rnym przyj\u015bciu Jezusa<\/a><\/h4>\n<\/td>\n<\/tr>\n<tr><!--\n<td style=\"width: 50%;\"><a title=\"The Way We Worship\" href=\"\/polish\/POL-TheWayWeWorship.pdf\" target=\"_blank\" rel=\"noopener noreferrer\">The Way We Worship<\/a><\/td>\n-->\n<td class=\"cont\">\n<h4 align=\"center\"><a title=\"Jak Chwalimy Boga\" href=\"\/resources\/polish\/POL-TheWayWeWorship.pdf\" target=\"_blank\" rel=\"noopener noreferrer\">Jak Chwalimy Boga<\/a><\/h4>\n<\/td>\n<\/tr>\n<tr><!--\n<td style=\"width: 50%;\"><a title=\"Why We Baptize in Jesus' Name\" href=\"\/polish\/POL-WhyWeBaptizeInJesusName.pdf\" target=\"_blank\" rel=\"noopener noreferrer\">Why We Baptize in Jesus' Name<\/a><\/td>\n-->\n<td class=\"cont\">\n<h4 align=\"center\"><a title=\"MI\u00c9RT KERE,SZTEWNKI\u00c9ZUS NEV\u00c9BEN?\" href=\"\/resources\/polish\/POL-WhyWeBaptizeInJesusName.pdf\" target=\"_blank\" rel=\"noopener noreferrer\">MI\u00c9RT KERE,SZTEWNKI\u00c9ZUS NEV\u00c9BEN?<\/a><\/h4>\n<\/td>\n<\/tr>\n<\/tbody>\n<\/table>\n<\/center>\n&nbsp;\t\t\t\t\t\t\t\t<\/div>\n\t\t\t\t<\/div>\n\t\t\t\t\t<\/div>\n\t\t<\/div>\n\t\t\t\t\t<\/div>\n\t\t<\/section>\n\t\t\t\t<\/div>\n\t\t","protected":false},"excerpt":{"rendered":"<p>&nbsp; CZYM JEST DUCH \u015aWI\u0118TY? KIM JEST B\u00d3G? Istnieje Nadzieja! DROGA \u017bYCIA! Prawda O Chrzcie Wodnym Prawda o Bogu Prawda o \u015awi\u0119to\u015bci [1] Prawda o\u00a0\u015awi\u0119to\u015bci [2] Prawda o Duchu \u015awi\u0119tym Prawda o Nawr\u00f3ceniu Prawda o Biblii Prawda o Powt\u00f3rnym przyj\u015bciu Jezusa Jak Chwalimy Boga MI\u00c9RT KERE,SZTEWNKI\u00c9ZUS NEV\u00c9BEN? &nbsp;<\/p>\n","protected":false},"author":1,"featured_media":0,"parent":0,"menu_order":0,"comment_status":"closed","ping_status":"closed","template":"","meta":{"generate_page_header":"","footnotes":""},"class_list":["post-918","page","type-page","status-publish"],"aioseo_notices":[],"_links":{"self":[{"href":"https:\/\/njupc.org\/index.php?rest_route=\/wp\/v2\/pages\/918","targetHints":{"allow":["GET"]}}],"collection":[{"href":"https:\/\/njupc.org\/index.php?rest_route=\/wp\/v2\/pages"}],"about":[{"href":"https:\/\/njupc.org\/index.php?rest_route=\/wp\/v2\/types\/page"}],"author":[{"embeddable":true,"href":"https:\/\/njupc.org\/index.php?rest_route=\/wp\/v2\/users\/1"}],"replies":[{"embeddable":true,"href":"https:\/\/njupc.org\/index.php?rest_route=%2Fwp%2Fv2%2Fcomments&post=918"}],"version-history":[{"count":10,"href":"https:\/\/njupc.org\/index.php?rest_route=\/wp\/v2\/pages\/918\/revisions"}],"predecessor-version":[{"id":1290,"href":"https:\/\/njupc.org\/index.php?rest_route=\/wp\/v2\/pages\/918\/revisions\/1290"}],"wp:attachment":[{"href":"https:\/\/njupc.org\/index.php?rest_route=%2Fwp%2Fv2%2Fmedia&parent=918"}],"curies":[{"name":"wp","href":"https:\/\/api.w.org\/{rel}","templated":true}]}}